{"id":1004,"date":"2017-06-27T10:02:21","date_gmt":"2017-06-27T08:02:21","guid":{"rendered":"http:\/\/www.ckdelta.sk\/hu\/nasa-ponuka\/"},"modified":"2021-05-27T11:56:39","modified_gmt":"2021-05-27T09:56:39","slug":"kinalatunk","status":"publish","type":"page","link":"https:\/\/www.ckdelta.sk\/hu\/kinalatunk\/","title":{"rendered":"Kinal\u00e1tunk"},"content":{"rendered":"[spb_row element_name=&#8221;Row&#8221; wrap_type=&#8221;full-width-contained&#8221; row_bg_type=&#8221;color&#8221; row_bg_color=&#8221;#e7f5f9&#8243; color_row_height=&#8221;content-height&#8221; bg_type=&#8221;cover&#8221; parallax_image_height=&#8221;content-height&#8221; parallax_image_movement=&#8221;fixed&#8221; parallax_image_speed=&#8221;standard&#8221; bg_video_loop=&#8221;yes&#8221; parallax_video_height=&#8221;window-height&#8221; row_id=&#8221;isk&#8221; row_top_style=&#8221;none&#8221; row_bottom_style=&#8221;none&#8221; parallax_video_overlay=&#8221;none&#8221; row_overlay_opacity=&#8221;0&#8243; remove_element_spacing=&#8221;no&#8221; row_col_spacing=&#8221;0&#8243; row_col_pos=&#8221;default&#8221; row_col_equal_heights=&#8221;no&#8221; row_expanding=&#8221;no&#8221; row_animation=&#8221;none&#8221; row_animation_delay=&#8221;0&#8243; minimize_row=&#8221;no&#8221; simplified_controls=&#8221;yes&#8221; custom_css_percentage=&#8221;no&#8221; custom_css=&#8221;margin-top: 0px;margin-bottom: 0px;&#8221; border_styling_global=&#8221;default&#8221; el_class=&#8221;ponuka&#8221; width=&#8221;1\/1&#8243; el_position=&#8221;first last&#8221;] [spb_blank_spacer height=&#8221;60px&#8221; responsive_vis=&#8221;hidden-xs&#8221; width=&#8221;1\/1&#8243; el_position=&#8221;first last&#8221;] [spb_recent_posts element_name=&#8221;Szlov\u00e1kiai k\u00f6rutaz\u00e1sok&#8221; title=&#8221;Szlov\u00e1kiai k\u00f6rutaz\u00e1sok&#8221; display_type=&#8221;standard&#8221; carousel=&#8221;yes&#8221; item_columns=&#8221;4&#8243; item_count=&#8221;100&#8243; category=&#8221;sk-korutazasok&#8221; offset=&#8221;0&#8243; posts_order=&#8221;DESC&#8221; excerpt_length=&#8221;20&#8243; fullwidth=&#8221;no&#8221; gutters=&#8221;yes&#8221; button_enabled=&#8221;no&#8221; pagination=&#8221;yes&#8221; width=&#8221;1\/1&#8243; el_position=&#8221;first last&#8221;] [\/spb_row] [spb_row element_name=&#8221;Row&#8221; wrap_type=&#8221;standard-width&#8221; row_bg_type=&#8221;color&#8221; row_bg_color=&#8221;#e7f5f9&#8243; color_row_height=&#8221;content-height&#8221; bg_type=&#8221;cover&#8221; parallax_image_height=&#8221;content-height&#8221; parallax_image_movement=&#8221;fixed&#8221; parallax_image_speed=&#8221;standard&#8221; bg_video_loop=&#8221;yes&#8221; parallax_video_height=&#8221;window-height&#8221; row_id=&#8221;sis&#8221; row_top_style=&#8221;none&#8221; row_bottom_style=&#8221;none&#8221; parallax_video_overlay=&#8221;none&#8221; row_overlay_opacity=&#8221;0&#8243; remove_element_spacing=&#8221;no&#8221; row_col_spacing=&#8221;0&#8243; row_col_pos=&#8221;default&#8221; row_col_equal_heights=&#8221;no&#8221; row_expanding=&#8221;no&#8221; row_animation=&#8221;none&#8221; row_animation_delay=&#8221;0&#8243; minimize_row=&#8221;no&#8221; simplified_controls=&#8221;yes&#8221; custom_css_percentage=&#8221;no&#8221; custom_css=&#8221;margin-top: 0px;margin-bottom: 0px;&#8221; border_styling_global=&#8221;default&#8221; el_class=&#8221;ponuka&#8221; width=&#8221;1\/1&#8243; el_position=&#8221;first last&#8221;] [spb_blank_spacer height=&#8221;60px&#8221; responsive_vis=&#8221;hidden-xs&#8221; width=&#8221;1\/1&#8243; el_position=&#8221;first last&#8221;] [spb_recent_posts element_name=&#8221;S\u00ed-Suli&#8221; title=&#8221;S\u00ed-Suli&#8221; display_type=&#8221;standard&#8221; carousel=&#8221;yes&#8221; item_columns=&#8221;4&#8243; item_count=&#8221;100&#8243; category=&#8221;si-suli&#8221; offset=&#8221;0&#8243; posts_order=&#8221;DESC&#8221; excerpt_length=&#8221;20&#8243; fullwidth=&#8221;no&#8221; gutters=&#8221;yes&#8221; button_enabled=&#8221;no&#8221; pagination=&#8221;yes&#8221; el_class=&#8221;nadpis&#8221; width=&#8221;1\/1&#8243; el_position=&#8221;first last&#8221;] [\/spb_row] [spb_row element_name=&#8221;Row&#8221; wrap_type=&#8221;full-width-contained&#8221; row_bg_type=&#8221;color&#8221; row_bg_color=&#8221;e7f5f9&#8243; color_row_height=&#8221;content-height&#8221; bg_type=&#8221;cover&#8221; parallax_image_height=&#8221;content-height&#8221; parallax_image_movement=&#8221;fixed&#8221; parallax_image_speed=&#8221;standard&#8221; bg_video_loop=&#8221;yes&#8221; parallax_video_height=&#8221;window-height&#8221; row_id=&#8221;tel&#8221; row_top_style=&#8221;none&#8221; row_bottom_style=&#8221;none&#8221; parallax_video_overlay=&#8221;none&#8221; row_overlay_opacity=&#8221;0&#8243; remove_element_spacing=&#8221;no&#8221; row_col_spacing=&#8221;0&#8243; row_col_pos=&#8221;default&#8221; row_col_equal_heights=&#8221;no&#8221; row_expanding=&#8221;no&#8221; row_animation=&#8221;none&#8221; row_animation_delay=&#8221;0&#8243; minimize_row=&#8221;no&#8221; simplified_controls=&#8221;yes&#8221; custom_css_percentage=&#8221;no&#8221; custom_css=&#8221;margin-top: 0px;margin-bottom: 0px;&#8221; border_styling_global=&#8221;default&#8221; el_class=&#8221;ponuka&#8221; width=&#8221;1\/1&#8243; el_position=&#8221;first last&#8221;] [spb_blank_spacer height=&#8221;60px&#8221; responsive_vis=&#8221;hidden-xs&#8221; width=&#8221;1\/1&#8243; el_position=&#8221;first last&#8221;] [spb_recent_posts element_name=&#8221;Kirandul\u00e1sok Lengyelorsz\u00e1gba \u00e9s Csehorsz\u00e1gba&#8221; title=&#8221;Kirandul\u00e1sok Lengyelorsz\u00e1gba \u00e9s Csehorsz\u00e1gba&#8221; display_type=&#8221;standard&#8221; carousel=&#8221;yes&#8221; item_columns=&#8221;4&#8243; item_count=&#8221;100&#8243; category=&#8221;kirandulasok&#8221; offset=&#8221;0&#8243; posts_order=&#8221;DESC&#8221; excerpt_length=&#8221;20&#8243; fullwidth=&#8221;no&#8221; gutters=&#8221;yes&#8221; button_enabled=&#8221;no&#8221; pagination=&#8221;yes&#8221; el_class=&#8221;nadpis&#8221; width=&#8221;1\/1&#8243; el_position=&#8221;first last&#8221;] [\/spb_row] [spb_row element_name=&#8221;Row&#8221; wrap_type=&#8221;full-width-contained&#8221; row_bg_type=&#8221;color&#8221; row_bg_color=&#8221;e7f5f9&#8243; color_row_height=&#8221;content-height&#8221; bg_type=&#8221;cover&#8221; parallax_image_height=&#8221;content-height&#8221; parallax_image_movement=&#8221;fixed&#8221; parallax_image_speed=&#8221;standard&#8221; bg_video_loop=&#8221;yes&#8221; parallax_video_height=&#8221;window-height&#8221; row_id=&#8221;ceg&#8221; row_top_style=&#8221;none&#8221; row_bottom_style=&#8221;none&#8221; parallax_video_overlay=&#8221;none&#8221; row_overlay_opacity=&#8221;0&#8243; remove_element_spacing=&#8221;no&#8221; row_col_spacing=&#8221;0&#8243; row_col_pos=&#8221;default&#8221; row_col_equal_heights=&#8221;no&#8221; row_expanding=&#8221;no&#8221; row_animation=&#8221;none&#8221; row_animation_delay=&#8221;0&#8243; minimize_row=&#8221;no&#8221; simplified_controls=&#8221;yes&#8221; custom_css_percentage=&#8221;no&#8221; custom_css=&#8221;margin-top: 0px;margin-bottom: 0px;&#8221; border_styling_global=&#8221;default&#8221; el_class=&#8221;ponuka&#8221; width=&#8221;1\/1&#8243; el_position=&#8221;first last&#8221;] [spb_blank_spacer height=&#8221;60px&#8221; responsive_vis=&#8221;hidden-xs&#8221; width=&#8221;1\/1&#8243; el_position=&#8221;first last&#8221;] [spb_recent_posts element_name=&#8221;Speci\u00e1lis programok&#8221; title=&#8221;Speci\u00e1lis programok&#8221; display_type=&#8221;standard&#8221; carousel=&#8221;yes&#8221; item_columns=&#8221;4&#8243; item_count=&#8221;100&#8243; category=&#8221;speci-programok&#8221; offset=&#8221;0&#8243; posts_order=&#8221;DESC&#8221; excerpt_length=&#8221;20&#8243; fullwidth=&#8221;no&#8221; gutters=&#8221;yes&#8221; button_enabled=&#8221;no&#8221; pagination=&#8221;yes&#8221; el_class=&#8221;nadpis&#8221; width=&#8221;1\/1&#8243; el_position=&#8221;first last&#8221;] [spb_blank_spacer height=&#8221;60px&#8221; responsive_vis=&#8221;hidden-xs&#8221; width=&#8221;1\/1&#8243; el_position=&#8221;first last&#8221;] [\/spb_row]\n","protected":false},"excerpt":{"rendered":"<p>[spb_row element_name=&#8221;Row&#8221; wrap_type=&#8221;full-width-contained&#8221; row_bg_type=&#8221;color&#8221; row_bg_color=&#8221;#e7f5f9&#8243; color_row_height=&#8221;content-height&#8221; bg_type=&#8221;cover&#8221; parallax_image_height=&#8221;content-height&#8221; parallax_image_movement=&#8221;fixed&#8221; parallax_image_speed=&#8221;standard&#8221; bg_video_loop=&#8221;yes&#8221; parallax_video_height=&#8221;window-height&#8221; row_id=&#8221;isk&#8221; row_top_style=&#8221;none&#8221; row_bottom_style=&#8221;none&#8221; parallax_video_overlay=&#8221;none&#8221; row_overlay_opacity=&#8221;0&#8243; remove_element_spacing=&#8221;no&#8221; row_col_spacing=&#8221;0&#8243; row_col_pos=&#8221;default&#8221; row_col_equal_heights=&#8221;no&#8221; row_expanding=&#8221;no&#8221; row_animation=&#8221;none&#8221; row_animation_delay=&#8221;0&#8243; minimize_row=&#8221;no&#8221; simplified_controls=&#8221;yes&#8221; custom_css_percentage=&#8221;no&#8221; custom_css=&#8221;margin-top: 0px;margin-bottom: 0px;&#8221; border_styling_global=&#8221;default&#8221; el_class=&#8221;ponuka&#8221; width=&#8221;1\/1&#8243; el_position=&#8221;first last&#8221;] [spb_blank_spacer height=&#8221;60px&#8221; responsive_vis=&#8221;hidden-xs&#8221; width=&#8221;1\/1&#8243; el_position=&#8221;first last&#8221;] [spb_recent_posts element_name=&#8221;Szlov\u00e1kiai k\u00f6rutaz\u00e1sok&#8221; title=&#8221;Szlov\u00e1kiai k\u00f6rutaz\u00e1sok&#8221; display_type=&#8221;standard&#8221; carousel=&#8221;yes&#8221; item_columns=&#8221;4&#8243; item_count=&#8221;100&#8243; category=&#8221;sk-korutazasok&#8221; offset=&#8221;0&#8243; posts_order=&#8221;DESC&#8221; excerpt_length=&#8221;20&#8243; fullwidth=&#8221;no&#8221; gutters=&#8221;yes&#8221; button_enabled=&#8221;no&#8221; pagination=&#8221;yes&#8221; width=&#8221;1\/1&#8243; el_position=&#8221;first [&hellip;]<\/p>\n","protected":false},"author":1,"featured_media":0,"parent":0,"menu_order":0,"comment_status":"closed","ping_status":"closed","template":"","meta":{"footnotes":""},"class_list":["post-1004","page","type-page","status-publish","hentry"],"yoast_head":"<!-- This site is optimized with the Yoast SEO plugin v25.6 - https:\/\/yoast.com\/wordpress\/plugins\/seo\/ -->\n<title>Kinal\u00e1tunk - CK Delta - Cestovn\u00e1 kancel\u00e1ria Delta Travel Agency<\/title>\n<meta name=\"description\" content=\"Idegenvezet\u00e9s , Szlov\u00e1kia, S\u00edsuli, Iskolai kir\u00e1ndul\u00e1sok, V\u00e1rosn\u00e9z\u00e9s, Kar\u00e1csonyi v\u00e1s\u00e1rok, C\u00e9ges \u00e9s teambuilding programok\" \/>\n<meta name=\"robots\" content=\"index, follow, max-snippet:-1, max-image-preview:large, max-video-preview:-1\" \/>\n<link rel=\"canonical\" href=\"https:\/\/www.ckdelta.sk\/hu\/kinalatunk\/\" \/>\n<meta property=\"og:locale\" content=\"hu_HU\" \/>\n<meta property=\"og:type\" content=\"article\" \/>\n<meta property=\"og:title\" content=\"Kinal\u00e1tunk - CK Delta - Cestovn\u00e1 kancel\u00e1ria Delta Travel Agency\" \/>\n<meta property=\"og:description\" content=\"Idegenvezet\u00e9s , Szlov\u00e1kia, S\u00edsuli, Iskolai kir\u00e1ndul\u00e1sok, V\u00e1rosn\u00e9z\u00e9s, Kar\u00e1csonyi v\u00e1s\u00e1rok, C\u00e9ges \u00e9s teambuilding programok\" \/>\n<meta property=\"og:url\" content=\"https:\/\/www.ckdelta.sk\/hu\/kinalatunk\/\" \/>\n<meta property=\"og:site_name\" content=\"CK Delta - Cestovn\u00e1 kancel\u00e1ria Delta Travel Agency\" \/>\n<meta property=\"article:modified_time\" content=\"2021-05-27T09:56:39+00:00\" \/>\n<meta name=\"twitter:card\" content=\"summary_large_image\" \/>\n<meta name=\"twitter:label1\" content=\"Becs\u00fclt olvas\u00e1si id\u0151\" \/>\n\t<meta name=\"twitter:data1\" content=\"2 perc\" \/>\n<script type=\"application\/ld+json\" class=\"yoast-schema-graph\">{\"@context\":\"https:\/\/schema.org\",\"@graph\":[{\"@type\":\"WebPage\",\"@id\":\"https:\/\/www.ckdelta.sk\/hu\/kinalatunk\/\",\"url\":\"https:\/\/www.ckdelta.sk\/hu\/kinalatunk\/\",\"name\":\"Kinal\u00e1tunk - CK Delta - Cestovn\u00e1 kancel\u00e1ria Delta Travel Agency\",\"isPartOf\":{\"@id\":\"https:\/\/www.ckdelta.sk\/#website\"},\"datePublished\":\"2017-06-27T08:02:21+00:00\",\"dateModified\":\"2021-05-27T09:56:39+00:00\",\"description\":\"Idegenvezet\u00e9s , Szlov\u00e1kia, S\u00edsuli, Iskolai kir\u00e1ndul\u00e1sok, V\u00e1rosn\u00e9z\u00e9s, Kar\u00e1csonyi v\u00e1s\u00e1rok, C\u00e9ges \u00e9s teambuilding programok\",\"breadcrumb\":{\"@id\":\"https:\/\/www.ckdelta.sk\/hu\/kinalatunk\/#breadcrumb\"},\"inLanguage\":\"hu\",\"potentialAction\":[{\"@type\":\"ReadAction\",\"target\":[\"https:\/\/www.ckdelta.sk\/hu\/kinalatunk\/\"]}]},{\"@type\":\"BreadcrumbList\",\"@id\":\"https:\/\/www.ckdelta.sk\/hu\/kinalatunk\/#breadcrumb\",\"itemListElement\":[{\"@type\":\"ListItem\",\"position\":1,\"name\":\"Home\",\"item\":\"https:\/\/www.ckdelta.sk\/hu\/\"},{\"@type\":\"ListItem\",\"position\":2,\"name\":\"Kinal\u00e1tunk\"}]},{\"@type\":\"WebSite\",\"@id\":\"https:\/\/www.ckdelta.sk\/#website\",\"url\":\"https:\/\/www.ckdelta.sk\/\",\"name\":\"CK Delta - Cestovn\u00e1 kancel\u00e1ria Delta Travel Agency\",\"description\":\"Pln\u00edme Va\u0161e cestovate\u013esk\u00e9 sny\",\"publisher\":{\"@id\":\"https:\/\/www.ckdelta.sk\/#organization\"},\"potentialAction\":[{\"@type\":\"SearchAction\",\"target\":{\"@type\":\"EntryPoint\",\"urlTemplate\":\"https:\/\/www.ckdelta.sk\/?s={search_term_string}\"},\"query-input\":{\"@type\":\"PropertyValueSpecification\",\"valueRequired\":true,\"valueName\":\"search_term_string\"}}],\"inLanguage\":\"hu\"},{\"@type\":\"Organization\",\"@id\":\"https:\/\/www.ckdelta.sk\/#organization\",\"name\":\"CK Delta\",\"url\":\"https:\/\/www.ckdelta.sk\/\",\"logo\":{\"@type\":\"ImageObject\",\"inLanguage\":\"hu\",\"@id\":\"https:\/\/www.ckdelta.sk\/#\/schema\/logo\/image\/\",\"url\":\"https:\/\/www.ckdelta.sk\/wp-content\/uploads\/2017\/06\/LOGO.png\",\"contentUrl\":\"https:\/\/www.ckdelta.sk\/wp-content\/uploads\/2017\/06\/LOGO.png\",\"width\":303,\"height\":120,\"caption\":\"CK Delta\"},\"image\":{\"@id\":\"https:\/\/www.ckdelta.sk\/#\/schema\/logo\/image\/\"}}]}<\/script>\n<!-- \/ Yoast SEO plugin. -->","yoast_head_json":{"title":"Kinal\u00e1tunk - CK Delta - Cestovn\u00e1 kancel\u00e1ria Delta Travel Agency","description":"Idegenvezet\u00e9s , Szlov\u00e1kia, S\u00edsuli, Iskolai kir\u00e1ndul\u00e1sok, V\u00e1rosn\u00e9z\u00e9s, Kar\u00e1csonyi v\u00e1s\u00e1rok, C\u00e9ges \u00e9s teambuilding programok","robots":{"index":"index","follow":"follow","max-snippet":"max-snippet:-1","max-image-preview":"max-image-preview:large","max-video-preview":"max-video-preview:-1"},"canonical":"https:\/\/www.ckdelta.sk\/hu\/kinalatunk\/","og_locale":"hu_HU","og_type":"article","og_title":"Kinal\u00e1tunk - CK Delta - Cestovn\u00e1 kancel\u00e1ria Delta Travel Agency","og_description":"Idegenvezet\u00e9s , Szlov\u00e1kia, S\u00edsuli, Iskolai kir\u00e1ndul\u00e1sok, V\u00e1rosn\u00e9z\u00e9s, Kar\u00e1csonyi v\u00e1s\u00e1rok, C\u00e9ges \u00e9s teambuilding programok","og_url":"https:\/\/www.ckdelta.sk\/hu\/kinalatunk\/","og_site_name":"CK Delta - Cestovn\u00e1 kancel\u00e1ria Delta Travel Agency","article_modified_time":"2021-05-27T09:56:39+00:00","twitter_card":"summary_large_image","twitter_misc":{"Becs\u00fclt olvas\u00e1si id\u0151":"2 perc"},"schema":{"@context":"https:\/\/schema.org","@graph":[{"@type":"WebPage","@id":"https:\/\/www.ckdelta.sk\/hu\/kinalatunk\/","url":"https:\/\/www.ckdelta.sk\/hu\/kinalatunk\/","name":"Kinal\u00e1tunk - CK Delta - Cestovn\u00e1 kancel\u00e1ria Delta Travel Agency","isPartOf":{"@id":"https:\/\/www.ckdelta.sk\/#website"},"datePublished":"2017-06-27T08:02:21+00:00","dateModified":"2021-05-27T09:56:39+00:00","description":"Idegenvezet\u00e9s , Szlov\u00e1kia, S\u00edsuli, Iskolai kir\u00e1ndul\u00e1sok, V\u00e1rosn\u00e9z\u00e9s, Kar\u00e1csonyi v\u00e1s\u00e1rok, C\u00e9ges \u00e9s teambuilding programok","breadcrumb":{"@id":"https:\/\/www.ckdelta.sk\/hu\/kinalatunk\/#breadcrumb"},"inLanguage":"hu","potentialAction":[{"@type":"ReadAction","target":["https:\/\/www.ckdelta.sk\/hu\/kinalatunk\/"]}]},{"@type":"BreadcrumbList","@id":"https:\/\/www.ckdelta.sk\/hu\/kinalatunk\/#breadcrumb","itemListElement":[{"@type":"ListItem","position":1,"name":"Home","item":"https:\/\/www.ckdelta.sk\/hu\/"},{"@type":"ListItem","position":2,"name":"Kinal\u00e1tunk"}]},{"@type":"WebSite","@id":"https:\/\/www.ckdelta.sk\/#website","url":"https:\/\/www.ckdelta.sk\/","name":"CK Delta - Cestovn\u00e1 kancel\u00e1ria Delta Travel Agency","description":"Pln\u00edme Va\u0161e cestovate\u013esk\u00e9 sny","publisher":{"@id":"https:\/\/www.ckdelta.sk\/#organization"},"potentialAction":[{"@type":"SearchAction","target":{"@type":"EntryPoint","urlTemplate":"https:\/\/www.ckdelta.sk\/?s={search_term_string}"},"query-input":{"@type":"PropertyValueSpecification","valueRequired":true,"valueName":"search_term_string"}}],"inLanguage":"hu"},{"@type":"Organization","@id":"https:\/\/www.ckdelta.sk\/#organization","name":"CK Delta","url":"https:\/\/www.ckdelta.sk\/","logo":{"@type":"ImageObject","inLanguage":"hu","@id":"https:\/\/www.ckdelta.sk\/#\/schema\/logo\/image\/","url":"https:\/\/www.ckdelta.sk\/wp-content\/uploads\/2017\/06\/LOGO.png","contentUrl":"https:\/\/www.ckdelta.sk\/wp-content\/uploads\/2017\/06\/LOGO.png","width":303,"height":120,"caption":"CK Delta"},"image":{"@id":"https:\/\/www.ckdelta.sk\/#\/schema\/logo\/image\/"}}]}},"_links":{"self":[{"href":"https:\/\/www.ckdelta.sk\/hu\/wp-json\/wp\/v2\/pages\/1004","targetHints":{"allow":["GET"]}}],"collection":[{"href":"https:\/\/www.ckdelta.sk\/hu\/wp-json\/wp\/v2\/pages"}],"about":[{"href":"https:\/\/www.ckdelta.sk\/hu\/wp-json\/wp\/v2\/types\/page"}],"author":[{"embeddable":true,"href":"https:\/\/www.ckdelta.sk\/hu\/wp-json\/wp\/v2\/users\/1"}],"replies":[{"embeddable":true,"href":"https:\/\/www.ckdelta.sk\/hu\/wp-json\/wp\/v2\/comments?post=1004"}],"version-history":[{"count":51,"href":"https:\/\/www.ckdelta.sk\/hu\/wp-json\/wp\/v2\/pages\/1004\/revisions"}],"predecessor-version":[{"id":3145,"href":"https:\/\/www.ckdelta.sk\/hu\/wp-json\/wp\/v2\/pages\/1004\/revisions\/3145"}],"wp:attachment":[{"href":"https:\/\/www.ckdelta.sk\/hu\/wp-json\/wp\/v2\/media?parent=1004"}],"curies":[{"name":"wp","href":"https:\/\/api.w.org\/{rel}","templated":true}]}}