{"id":1008,"date":"2017-06-27T10:01:54","date_gmt":"2017-06-27T08:01:54","guid":{"rendered":"http:\/\/www.ckdelta.sk\/hu\/o-gas\/"},"modified":"2020-12-08T19:01:21","modified_gmt":"2020-12-08T18:01:21","slug":"rolunk","status":"publish","type":"page","link":"https:\/\/www.ckdelta.sk\/hu\/rolunk\/","title":{"rendered":"R\u00f3lunk"},"content":{"rendered":"[spb_row element_name=&#8221;Row&#8221; wrap_type=&#8221;standard-width&#8221; row_bg_type=&#8221;color&#8221; color_row_height=&#8221;content-height&#8221; bg_type=&#8221;cover&#8221; parallax_image_height=&#8221;content-height&#8221; parallax_image_movement=&#8221;fixed&#8221; parallax_image_speed=&#8221;standard&#8221; bg_video_loop=&#8221;yes&#8221; parallax_video_height=&#8221;window-height&#8221; row_top_style=&#8221;none&#8221; row_bottom_style=&#8221;none&#8221; parallax_video_overlay=&#8221;none&#8221; row_overlay_opacity=&#8221;0&#8243; remove_element_spacing=&#8221;no&#8221; row_col_spacing=&#8221;0&#8243; row_col_pos=&#8221;default&#8221; row_col_equal_heights=&#8221;no&#8221; row_expanding=&#8221;no&#8221; row_animation=&#8221;none&#8221; row_animation_delay=&#8221;0&#8243; minimize_row=&#8221;no&#8221; simplified_controls=&#8221;yes&#8221; custom_css_percentage=&#8221;no&#8221; custom_css=&#8221;margin-top: 0px;margin-bottom: 0px;&#8221; border_styling_global=&#8221;default&#8221; width=&#8221;1\/1&#8243; el_position=&#8221;first last&#8221;] [spb_blank_spacer height=&#8221;60px&#8221; responsive_vis=&#8221;hidden-xs&#8221; width=&#8221;1\/1&#8243; el_position=&#8221;first last&#8221;] [spb_blank_spacer height=&#8221;30px&#8221; responsive_vis=&#8221;hidden-xs&#8221; width=&#8221;1\/6&#8243; el_position=&#8221;first&#8221;] [spb_image image=&#8221;1575&#8243; image_size=&#8221;full&#8221; frame=&#8221;noframe&#8221; caption_pos=&#8221;hover&#8221; remove_rounded=&#8221;yes&#8221; fullwidth=&#8221;no&#8221; overflow_mode=&#8221;none&#8221; el_class=&#8221;budapest&#8221; link_target=&#8221;_self&#8221; lightbox=&#8221;no&#8221; intro_animation=&#8221;none&#8221; animation_delay=&#8221;200&#8243; width=&#8221;2\/3&#8243;][\/spb_image] [spb_blank_spacer height=&#8221;30px&#8221; responsive_vis=&#8221;hidden-xs&#8221; width=&#8221;1\/6&#8243; el_position=&#8221;last&#8221;] [spb_blank_spacer height=&#8221;30px&#8221; responsive_vis=&#8221;hidden-xs&#8221; width=&#8221;1\/6&#8243; el_position=&#8221;first&#8221;] [spb_column col_animation=&#8221;none&#8221; col_animation_delay=&#8221;0&#8243; col_bg_color=&#8221;#e8f6f&#8221; col_bg_type=&#8221;cover&#8221; col_parallax_image_movement=&#8221;fixed&#8221; col_parallax_image_speed=&#8221;0.5&#8243; col_padding=&#8221;0&#8243; col_vertical_offset=&#8221;0&#8243; col_horizontal_offset=&#8221;0&#8243; col_custom_zindex=&#8221;0&#8243; col_sm=&#8221;8&#8243; simplified_controls=&#8221;yes&#8221; custom_css_percentage=&#8221;no&#8221; padding_vertical=&#8221;400&#8243; padding_horizontal=&#8221;0&#8243; margin_vertical=&#8221;0&#8243; custom_css=&#8221;margin-top: 0px;margin-bottom: 0px;&#8221; border_styling_global=&#8221;default&#8221; el_class=&#8221;shadow&#8221; width=&#8221;2\/3&#8243; el_position=&#8221;last&#8221;] [spb_blank_spacer height=&#8221;60px&#8221; width=&#8221;1\/1&#8243; el_position=&#8221;first last&#8221;] [spb_boxed_content type=&#8221;coloured&#8221; custom_bg_colour=&#8221;#ffffff&#8221; box_link_target=&#8221;_self&#8221; padding_vertical=&#8221;0&#8243; padding_horizontal=&#8221;0&#8243; el_class=&#8221;padding&#8221; width=&#8221;1\/1&#8243; el_position=&#8221;first last&#8221;]\n<div class=\"doplnok_galeriaText\">\n<div>Irod\u00e1nk 30 \u00e9ve fogadja Szlov\u00e1ki\u00e1ban a magyar turist\u00e1kat, iskolai csoportokat. Mindent megtesz\u00fcnk az\u00e9rt, hogy k\u00f6z\u00f6s t\u00f6rt\u00e9nelmi eml\u00e9keinket min\u00e9l t\u00f6bben megtekints\u00e9k.<\/div>\n<div><\/div>\n<div>Kassa &#8211; R\u00e1k\u00f3czi \u00e9s M\u00e1rai v\u00e1rosa, mindenkit szeretettel\u00a0v\u00e1r, hisz Kassa 2013-ban Eur\u00f3pa kult\u00far\u00e1lis f\u00f6v\u00e1rosa volt .<\/div>\n<div><\/div>\n<div><strong>Han\u010d\u00e1k Zita &#8211; DELTA Utaz\u00e1si Iroda Kassa<\/strong><\/div>\n<div><\/div>\n<div><strong>El\u00e9rhet\u00f6s\u00e9g : e-mail :<\/strong> <a href=\"mailto:ckdelta@iol.sk\">ckdelta@iol.sk<\/a>,\u00a0<a href=\"mailto:ckdelta@ckdelta.sk\">ckdelta@ckdelta.sk<\/a><\/div>\n<div><strong>Mobilok:<\/strong>\u00a0<a href=\"callto:00421 903 626 855\">00421 903 626 855<\/a><\/div>\n<\/div>\n[\/spb_boxed_content] [spb_blank_spacer height=&#8221;30px&#8221; responsive_vis=&#8221;hidden-xs&#8221; width=&#8221;1\/1&#8243; el_position=&#8221;first last&#8221;] [spb_icon_box_grid columns=&#8221;3&#8243; colour_style=&#8221;dark&#8221; el_class=&#8221;iconbox&#8221; width=&#8221;1\/1&#8243; el_position=&#8221;first last&#8221;]\n[spb_icon_box_grid_element title=&#8221;Idegenvezet\u00e9s Kassa, Szlov\u00e1kia&#8221; target=&#8221;&#8221; link=&#8221;idegenvezetes-kassa-szlovakia&#8221; icon=&#8221;undefined&#8221;][\/spb_icon_box_grid_element][spb_icon_box_grid_element title=&#8221;V\u00e1rosn\u00e9z\u00e9s&#8221; target=&#8221;&#8221; link=&#8221;nasa-ponuka\/#var&#8221; icon=&#8221;undefined&#8221;][\/spb_icon_box_grid_element][spb_icon_box_grid_element title=&#8221;T\u00e9l 2019-2020&#8243; target=&#8221;&#8221; link=&#8221;nasa-ponuka\/#tel&#8221; icon=&#8221;undefined&#8221;][\/spb_icon_box_grid_element][spb_icon_box_grid_element title=&#8221;Iskolai kir\u00e1ndul\u00e1sok&#8221; target=&#8221;&#8221; link=&#8221;nasa-ponuka\/#isk&#8221; icon=&#8221;undefined&#8221;][\/spb_icon_box_grid_element][spb_icon_box_grid_element title=&#8221;S\u00ed-Suli&#8221; target=&#8221;&#8221; link=&#8221;nasa-ponuka\/#sis&#8221; icon=&#8221;undefined&#8221;][\/spb_icon_box_grid_element][spb_icon_box_grid_element title=&#8221;Kar\u00e1csonyi v\u00e1s\u00e1rok&#8221; target=&#8221;&#8221; link=&#8221;nasa-ponuka\/#kar&#8221; icon=&#8221;undefined&#8221;][\/spb_icon_box_grid_element][spb_icon_box_grid_element title=&#8221;C\u00e9ges \u00e9s teambuilding programok&#8221; target=&#8221;&#8221; link=&#8221;nasa-ponuka\/#ceg&#8221; icon=&#8221;undefined&#8221;][\/spb_icon_box_grid_element]\n[\/spb_icon_box_grid] [\/spb_column] [spb_blank_spacer height=&#8221;60px&#8221; responsive_vis=&#8221;hidden-xs&#8221; width=&#8221;1\/1&#8243; el_position=&#8221;first last&#8221;] [\/spb_row] [spb_blank_spacer height=&#8221;30px&#8221; width=&#8221;1\/1&#8243; el_position=&#8221;first last&#8221;]\n","protected":false},"excerpt":{"rendered":"<p>[spb_row element_name=&#8221;Row&#8221; wrap_type=&#8221;standard-width&#8221; row_bg_type=&#8221;color&#8221; color_row_height=&#8221;content-height&#8221; bg_type=&#8221;cover&#8221; parallax_image_height=&#8221;content-height&#8221; parallax_image_movement=&#8221;fixed&#8221; parallax_image_speed=&#8221;standard&#8221; bg_video_loop=&#8221;yes&#8221; parallax_video_height=&#8221;window-height&#8221; row_top_style=&#8221;none&#8221; row_bottom_style=&#8221;none&#8221; parallax_video_overlay=&#8221;none&#8221; row_overlay_opacity=&#8221;0&#8243; remove_element_spacing=&#8221;no&#8221; row_col_spacing=&#8221;0&#8243; row_col_pos=&#8221;default&#8221; row_col_equal_heights=&#8221;no&#8221; row_expanding=&#8221;no&#8221; row_animation=&#8221;none&#8221; row_animation_delay=&#8221;0&#8243; minimize_row=&#8221;no&#8221; simplified_controls=&#8221;yes&#8221; custom_css_percentage=&#8221;no&#8221; custom_css=&#8221;margin-top: 0px;margin-bottom: 0px;&#8221; border_styling_global=&#8221;default&#8221; width=&#8221;1\/1&#8243; el_position=&#8221;first last&#8221;] [spb_blank_spacer height=&#8221;60px&#8221; responsive_vis=&#8221;hidden-xs&#8221; width=&#8221;1\/1&#8243; el_position=&#8221;first last&#8221;] [spb_blank_spacer height=&#8221;30px&#8221; responsive_vis=&#8221;hidden-xs&#8221; width=&#8221;1\/6&#8243; el_position=&#8221;first&#8221;] [spb_image image=&#8221;1575&#8243; image_size=&#8221;full&#8221; frame=&#8221;noframe&#8221; caption_pos=&#8221;hover&#8221; remove_rounded=&#8221;yes&#8221; fullwidth=&#8221;no&#8221; overflow_mode=&#8221;none&#8221; el_class=&#8221;budapest&#8221; link_target=&#8221;_self&#8221; lightbox=&#8221;no&#8221; intro_animation=&#8221;none&#8221; animation_delay=&#8221;200&#8243; width=&#8221;2\/3&#8243;][\/spb_image] [spb_blank_spacer height=&#8221;30px&#8221; responsive_vis=&#8221;hidden-xs&#8221; [&hellip;]<\/p>\n","protected":false},"author":1,"featured_media":0,"parent":0,"menu_order":0,"comment_status":"closed","ping_status":"closed","template":"","meta":{"footnotes":""},"class_list":["post-1008","page","type-page","status-publish","hentry"],"yoast_head":"<!-- This site is optimized with the Yoast SEO plugin v25.6 - https:\/\/yoast.com\/wordpress\/plugins\/seo\/ -->\n<title>R\u00f3lunk- CK Delta<\/title>\n<meta name=\"description\" content=\"Irod\u00e1nk 26 \u00e9ve fogadja Szlov\u00e1ki\u00e1ban a magyar turist\u00e1kat, iskolai csoportokat. Mindent megtesz\u00fcnk az\u00e9rt, hogy k\u00f6z\u00f6s t\u00f6rt\u00e9nelmi eml\u00e9keinket\" \/>\n<meta name=\"robots\" content=\"index, follow, max-snippet:-1, max-image-preview:large, max-video-preview:-1\" \/>\n<link rel=\"canonical\" href=\"https:\/\/www.ckdelta.sk\/hu\/rolunk\/\" \/>\n<meta property=\"og:locale\" content=\"hu_HU\" \/>\n<meta property=\"og:type\" content=\"article\" \/>\n<meta property=\"og:title\" content=\"R\u00f3lunk- CK Delta\" \/>\n<meta property=\"og:description\" content=\"Irod\u00e1nk 26 \u00e9ve fogadja Szlov\u00e1ki\u00e1ban a magyar turist\u00e1kat, iskolai csoportokat. Mindent megtesz\u00fcnk az\u00e9rt, hogy k\u00f6z\u00f6s t\u00f6rt\u00e9nelmi eml\u00e9keinket\" \/>\n<meta property=\"og:url\" content=\"https:\/\/www.ckdelta.sk\/hu\/rolunk\/\" \/>\n<meta property=\"og:site_name\" content=\"CK Delta - Cestovn\u00e1 kancel\u00e1ria Delta Travel Agency\" \/>\n<meta property=\"article:modified_time\" content=\"2020-12-08T18:01:21+00:00\" \/>\n<meta name=\"twitter:card\" content=\"summary_large_image\" \/>\n<meta name=\"twitter:label1\" content=\"Becs\u00fclt olvas\u00e1si id\u0151\" \/>\n\t<meta name=\"twitter:data1\" content=\"3 perc\" \/>\n<script type=\"application\/ld+json\" class=\"yoast-schema-graph\">{\"@context\":\"https:\/\/schema.org\",\"@graph\":[{\"@type\":\"WebPage\",\"@id\":\"https:\/\/www.ckdelta.sk\/hu\/rolunk\/\",\"url\":\"https:\/\/www.ckdelta.sk\/hu\/rolunk\/\",\"name\":\"R\u00f3lunk- CK Delta\",\"isPartOf\":{\"@id\":\"https:\/\/www.ckdelta.sk\/#website\"},\"datePublished\":\"2017-06-27T08:01:54+00:00\",\"dateModified\":\"2020-12-08T18:01:21+00:00\",\"description\":\"Irod\u00e1nk 26 \u00e9ve fogadja Szlov\u00e1ki\u00e1ban a magyar turist\u00e1kat, iskolai csoportokat. Mindent megtesz\u00fcnk az\u00e9rt, hogy k\u00f6z\u00f6s t\u00f6rt\u00e9nelmi eml\u00e9keinket\",\"breadcrumb\":{\"@id\":\"https:\/\/www.ckdelta.sk\/hu\/rolunk\/#breadcrumb\"},\"inLanguage\":\"hu\",\"potentialAction\":[{\"@type\":\"ReadAction\",\"target\":[\"https:\/\/www.ckdelta.sk\/hu\/rolunk\/\"]}]},{\"@type\":\"BreadcrumbList\",\"@id\":\"https:\/\/www.ckdelta.sk\/hu\/rolunk\/#breadcrumb\",\"itemListElement\":[{\"@type\":\"ListItem\",\"position\":1,\"name\":\"Home\",\"item\":\"https:\/\/www.ckdelta.sk\/hu\/\"},{\"@type\":\"ListItem\",\"position\":2,\"name\":\"R\u00f3lunk\"}]},{\"@type\":\"WebSite\",\"@id\":\"https:\/\/www.ckdelta.sk\/#website\",\"url\":\"https:\/\/www.ckdelta.sk\/\",\"name\":\"CK Delta - Cestovn\u00e1 kancel\u00e1ria Delta Travel Agency\",\"description\":\"Pln\u00edme Va\u0161e cestovate\u013esk\u00e9 sny\",\"publisher\":{\"@id\":\"https:\/\/www.ckdelta.sk\/#organization\"},\"potentialAction\":[{\"@type\":\"SearchAction\",\"target\":{\"@type\":\"EntryPoint\",\"urlTemplate\":\"https:\/\/www.ckdelta.sk\/?s={search_term_string}\"},\"query-input\":{\"@type\":\"PropertyValueSpecification\",\"valueRequired\":true,\"valueName\":\"search_term_string\"}}],\"inLanguage\":\"hu\"},{\"@type\":\"Organization\",\"@id\":\"https:\/\/www.ckdelta.sk\/#organization\",\"name\":\"CK Delta\",\"url\":\"https:\/\/www.ckdelta.sk\/\",\"logo\":{\"@type\":\"ImageObject\",\"inLanguage\":\"hu\",\"@id\":\"https:\/\/www.ckdelta.sk\/#\/schema\/logo\/image\/\",\"url\":\"https:\/\/www.ckdelta.sk\/wp-content\/uploads\/2017\/06\/LOGO.png\",\"contentUrl\":\"https:\/\/www.ckdelta.sk\/wp-content\/uploads\/2017\/06\/LOGO.png\",\"width\":303,\"height\":120,\"caption\":\"CK Delta\"},\"image\":{\"@id\":\"https:\/\/www.ckdelta.sk\/#\/schema\/logo\/image\/\"}}]}<\/script>\n<!-- \/ Yoast SEO plugin. -->","yoast_head_json":{"title":"R\u00f3lunk- CK Delta","description":"Irod\u00e1nk 26 \u00e9ve fogadja Szlov\u00e1ki\u00e1ban a magyar turist\u00e1kat, iskolai csoportokat. Mindent megtesz\u00fcnk az\u00e9rt, hogy k\u00f6z\u00f6s t\u00f6rt\u00e9nelmi eml\u00e9keinket","robots":{"index":"index","follow":"follow","max-snippet":"max-snippet:-1","max-image-preview":"max-image-preview:large","max-video-preview":"max-video-preview:-1"},"canonical":"https:\/\/www.ckdelta.sk\/hu\/rolunk\/","og_locale":"hu_HU","og_type":"article","og_title":"R\u00f3lunk- CK Delta","og_description":"Irod\u00e1nk 26 \u00e9ve fogadja Szlov\u00e1ki\u00e1ban a magyar turist\u00e1kat, iskolai csoportokat. Mindent megtesz\u00fcnk az\u00e9rt, hogy k\u00f6z\u00f6s t\u00f6rt\u00e9nelmi eml\u00e9keinket","og_url":"https:\/\/www.ckdelta.sk\/hu\/rolunk\/","og_site_name":"CK Delta - Cestovn\u00e1 kancel\u00e1ria Delta Travel Agency","article_modified_time":"2020-12-08T18:01:21+00:00","twitter_card":"summary_large_image","twitter_misc":{"Becs\u00fclt olvas\u00e1si id\u0151":"3 perc"},"schema":{"@context":"https:\/\/schema.org","@graph":[{"@type":"WebPage","@id":"https:\/\/www.ckdelta.sk\/hu\/rolunk\/","url":"https:\/\/www.ckdelta.sk\/hu\/rolunk\/","name":"R\u00f3lunk- CK Delta","isPartOf":{"@id":"https:\/\/www.ckdelta.sk\/#website"},"datePublished":"2017-06-27T08:01:54+00:00","dateModified":"2020-12-08T18:01:21+00:00","description":"Irod\u00e1nk 26 \u00e9ve fogadja Szlov\u00e1ki\u00e1ban a magyar turist\u00e1kat, iskolai csoportokat. Mindent megtesz\u00fcnk az\u00e9rt, hogy k\u00f6z\u00f6s t\u00f6rt\u00e9nelmi eml\u00e9keinket","breadcrumb":{"@id":"https:\/\/www.ckdelta.sk\/hu\/rolunk\/#breadcrumb"},"inLanguage":"hu","potentialAction":[{"@type":"ReadAction","target":["https:\/\/www.ckdelta.sk\/hu\/rolunk\/"]}]},{"@type":"BreadcrumbList","@id":"https:\/\/www.ckdelta.sk\/hu\/rolunk\/#breadcrumb","itemListElement":[{"@type":"ListItem","position":1,"name":"Home","item":"https:\/\/www.ckdelta.sk\/hu\/"},{"@type":"ListItem","position":2,"name":"R\u00f3lunk"}]},{"@type":"WebSite","@id":"https:\/\/www.ckdelta.sk\/#website","url":"https:\/\/www.ckdelta.sk\/","name":"CK Delta - Cestovn\u00e1 kancel\u00e1ria Delta Travel Agency","description":"Pln\u00edme Va\u0161e cestovate\u013esk\u00e9 sny","publisher":{"@id":"https:\/\/www.ckdelta.sk\/#organization"},"potentialAction":[{"@type":"SearchAction","target":{"@type":"EntryPoint","urlTemplate":"https:\/\/www.ckdelta.sk\/?s={search_term_string}"},"query-input":{"@type":"PropertyValueSpecification","valueRequired":true,"valueName":"search_term_string"}}],"inLanguage":"hu"},{"@type":"Organization","@id":"https:\/\/www.ckdelta.sk\/#organization","name":"CK Delta","url":"https:\/\/www.ckdelta.sk\/","logo":{"@type":"ImageObject","inLanguage":"hu","@id":"https:\/\/www.ckdelta.sk\/#\/schema\/logo\/image\/","url":"https:\/\/www.ckdelta.sk\/wp-content\/uploads\/2017\/06\/LOGO.png","contentUrl":"https:\/\/www.ckdelta.sk\/wp-content\/uploads\/2017\/06\/LOGO.png","width":303,"height":120,"caption":"CK Delta"},"image":{"@id":"https:\/\/www.ckdelta.sk\/#\/schema\/logo\/image\/"}}]}},"_links":{"self":[{"href":"https:\/\/www.ckdelta.sk\/hu\/wp-json\/wp\/v2\/pages\/1008","targetHints":{"allow":["GET"]}}],"collection":[{"href":"https:\/\/www.ckdelta.sk\/hu\/wp-json\/wp\/v2\/pages"}],"about":[{"href":"https:\/\/www.ckdelta.sk\/hu\/wp-json\/wp\/v2\/types\/page"}],"author":[{"embeddable":true,"href":"https:\/\/www.ckdelta.sk\/hu\/wp-json\/wp\/v2\/users\/1"}],"replies":[{"embeddable":true,"href":"https:\/\/www.ckdelta.sk\/hu\/wp-json\/wp\/v2\/comments?post=1008"}],"version-history":[{"count":23,"href":"https:\/\/www.ckdelta.sk\/hu\/wp-json\/wp\/v2\/pages\/1008\/revisions"}],"predecessor-version":[{"id":2441,"href":"https:\/\/www.ckdelta.sk\/hu\/wp-json\/wp\/v2\/pages\/1008\/revisions\/2441"}],"wp:attachment":[{"href":"https:\/\/www.ckdelta.sk\/hu\/wp-json\/wp\/v2\/media?parent=1008"}],"curies":[{"name":"wp","href":"https:\/\/api.w.org\/{rel}","templated":true}]}}