{"id":1685,"date":"2017-08-03T15:07:33","date_gmt":"2017-08-03T13:07:33","guid":{"rendered":"http:\/\/www.ckdelta.sk\/?page_id=1685\/"},"modified":"2020-12-08T19:01:57","modified_gmt":"2020-12-08T18:01:57","slug":"idegenvezetes-kassa-szlovakia","status":"publish","type":"page","link":"https:\/\/www.ckdelta.sk\/hu\/idegenvezetes-kassa-szlovakia\/","title":{"rendered":"Idegenvezet\u00e9s: Kassa- Szlov\u00e1kia"},"content":{"rendered":"[spb_row element_name=&#8221;Row&#8221; wrap_type=&#8221;standard-width&#8221; row_bg_type=&#8221;color&#8221; color_row_height=&#8221;content-height&#8221; bg_type=&#8221;cover&#8221; parallax_image_height=&#8221;content-height&#8221; parallax_image_movement=&#8221;fixed&#8221; parallax_image_speed=&#8221;standard&#8221; bg_video_loop=&#8221;yes&#8221; parallax_video_height=&#8221;window-height&#8221; row_top_style=&#8221;none&#8221; row_bottom_style=&#8221;none&#8221; parallax_video_overlay=&#8221;none&#8221; row_overlay_opacity=&#8221;0&#8243; remove_element_spacing=&#8221;no&#8221; row_col_spacing=&#8221;0&#8243; row_col_pos=&#8221;default&#8221; row_col_equal_heights=&#8221;no&#8221; row_expanding=&#8221;no&#8221; row_animation=&#8221;none&#8221; row_animation_delay=&#8221;0&#8243; minimize_row=&#8221;no&#8221; simplified_controls=&#8221;yes&#8221; custom_css_percentage=&#8221;no&#8221; custom_css=&#8221;margin-top: 0px;margin-bottom: 0px;&#8221; border_styling_global=&#8221;default&#8221; width=&#8221;1\/1&#8243; el_position=&#8221;first last&#8221;] [spb_blank_spacer height=&#8221;60px&#8221; responsive_vis=&#8221;hidden-xs&#8221; width=&#8221;1\/1&#8243; el_position=&#8221;first last&#8221;] [spb_blank_spacer height=&#8221;30px&#8221; responsive_vis=&#8221;hidden-xs&#8221; width=&#8221;1\/6&#8243; el_position=&#8221;first&#8221;] [spb_column col_animation=&#8221;none&#8221; col_animation_delay=&#8221;0&#8243; col_bg_color=&#8221;#e8f6f&#8221; col_bg_type=&#8221;cover&#8221; col_parallax_image_movement=&#8221;fixed&#8221; col_parallax_image_speed=&#8221;0.5&#8243; col_padding=&#8221;0&#8243; col_vertical_offset=&#8221;0&#8243; col_horizontal_offset=&#8221;0&#8243; col_custom_zindex=&#8221;0&#8243; col_sm=&#8221;8&#8243; simplified_controls=&#8221;yes&#8221; custom_css_percentage=&#8221;no&#8221; padding_vertical=&#8221;400&#8243; padding_horizontal=&#8221;0&#8243; margin_vertical=&#8221;0&#8243; custom_css=&#8221;margin-top: 0px;margin-bottom: 0px;&#8221; border_styling_global=&#8221;default&#8221; el_class=&#8221;shadow&#8221; width=&#8221;2\/3&#8243;] [spb_blank_spacer height=&#8221;60px&#8221; width=&#8221;1\/1&#8243; el_position=&#8221;first last&#8221;] [spb_boxed_content type=&#8221;coloured&#8221; custom_bg_colour=&#8221;#ffffff&#8221; box_link_target=&#8221;_self&#8221; padding_vertical=&#8221;0&#8243; padding_horizontal=&#8221;0&#8243; el_class=&#8221;padding&#8221; width=&#8221;1\/1&#8243; el_position=&#8221;first last&#8221;]\n<h3><span style=\"color: #00a2bb;\"><img loading=\"lazy\" decoding=\"async\" class=\"size-medium wp-image-1690 alignright\" src=\"https:\/\/www.ckdelta.sk\/wp-content\/uploads\/2017\/08\/IMG_3520222-191x300.jpg\" alt=\"\" width=\"191\" height=\"300\" srcset=\"https:\/\/www.ckdelta.sk\/wp-content\/uploads\/2017\/08\/IMG_3520222-191x300.jpg 191w, https:\/\/www.ckdelta.sk\/wp-content\/uploads\/2017\/08\/IMG_3520222.jpg 306w\" sizes=\"auto, (max-width: 191px) 100vw, 191px\" \/>Idegenvezet\u00e9s Kassa, Szlov\u00e1kia<\/span><\/h3>\n<div><\/div>\n<div><\/div>\n<div><strong>Idegenvezet\u00e9s:<\/strong> Kassa, G\u00f6m\u00f6r, Szepess\u00e9g,<\/div>\n<div>K\u00f6z\u00e9p &#8211; Szlov\u00e1kia, Magas T\u00e1tra, Kis-Lengyelorsz\u00e1g<\/div>\n<div><\/div>\n<div>Irod\u00e1nk 30 \u00e9ve fogadja Szlov\u00e1ki\u00e1ban a magyar turist\u00e1kat, iskolai csoportokat. Mindent megtesz\u00fcnk az\u00e9rt, hogy k\u00f6z\u00f6s t\u00f6rt\u00e9nelmi eml\u00e9keinket min\u00e9l t\u00f6bben megtekints\u00e9k.<\/div>\n<div><\/div>\n<div>Kassa &#8211; R\u00e1k\u00f3czi \u00e9s M\u00e1rai v\u00e1rosa, mindenkit szerettel v\u00e1r, hisz Kassa 2013-ban Eur\u00f3pa kult\u00far\u00e1lis f\u00f6v\u00e1rosa.<\/div>\n<div><\/div>\n<p>&nbsp;<\/p>\n<div><strong>Han\u010d\u00e1k Zita &#8211; DELTA Utaz\u00e1si Iroda Kassa\u00a0<\/strong><\/div>\n<div>hivat\u00e1sos idegenvezet\u00f6.<\/div>\n<div><\/div>\n<p>&nbsp;<\/p>\n<div><strong>El\u00e9rhet\u00f6s\u00e9g : e-mail : <\/strong><a href=\"mailto:ckdelta@iol.sk\">ckdelta@iol.sk,\u00a0<\/a><a href=\"mailto:ckdelta@ckdelta.sk\">ckdelta@ckdelta.sk<\/a><\/div>\n<p><strong>Mobilok: <\/strong><a href=\"callto:00421 905 626 855\">00421 903 626 855<\/a><\/p>\n[\/spb_boxed_content] [spb_blank_spacer height=&#8221;60px&#8221; width=&#8221;1\/1&#8243; el_position=&#8221;first last&#8221;] [\/spb_column] [spb_blank_spacer height=&#8221;30px&#8221; responsive_vis=&#8221;hidden-xs&#8221; width=&#8221;1\/6&#8243; el_position=&#8221;last&#8221;] [spb_blank_spacer height=&#8221;60px&#8221; width=&#8221;1\/1&#8243; el_position=&#8221;first last&#8221;] [\/spb_row]\n","protected":false},"excerpt":{"rendered":"<p>[spb_row element_name=&#8221;Row&#8221; wrap_type=&#8221;standard-width&#8221; row_bg_type=&#8221;color&#8221; color_row_height=&#8221;content-height&#8221; bg_type=&#8221;cover&#8221; parallax_image_height=&#8221;content-height&#8221; parallax_image_movement=&#8221;fixed&#8221; parallax_image_speed=&#8221;standard&#8221; bg_video_loop=&#8221;yes&#8221; parallax_video_height=&#8221;window-height&#8221; row_top_style=&#8221;none&#8221; row_bottom_style=&#8221;none&#8221; parallax_video_overlay=&#8221;none&#8221; row_overlay_opacity=&#8221;0&#8243; remove_element_spacing=&#8221;no&#8221; row_col_spacing=&#8221;0&#8243; row_col_pos=&#8221;default&#8221; row_col_equal_heights=&#8221;no&#8221; row_expanding=&#8221;no&#8221; row_animation=&#8221;none&#8221; row_animation_delay=&#8221;0&#8243; minimize_row=&#8221;no&#8221; simplified_controls=&#8221;yes&#8221; custom_css_percentage=&#8221;no&#8221; custom_css=&#8221;margin-top: 0px;margin-bottom: 0px;&#8221; border_styling_global=&#8221;default&#8221; width=&#8221;1\/1&#8243; el_position=&#8221;first last&#8221;] [spb_blank_spacer height=&#8221;60px&#8221; responsive_vis=&#8221;hidden-xs&#8221; width=&#8221;1\/1&#8243; el_position=&#8221;first last&#8221;] [spb_blank_spacer height=&#8221;30px&#8221; responsive_vis=&#8221;hidden-xs&#8221; width=&#8221;1\/6&#8243; el_position=&#8221;first&#8221;] [spb_column col_animation=&#8221;none&#8221; col_animation_delay=&#8221;0&#8243; col_bg_color=&#8221;#e8f6f&#8221; col_bg_type=&#8221;cover&#8221; col_parallax_image_movement=&#8221;fixed&#8221; col_parallax_image_speed=&#8221;0.5&#8243; col_padding=&#8221;0&#8243; col_vertical_offset=&#8221;0&#8243; col_horizontal_offset=&#8221;0&#8243; col_custom_zindex=&#8221;0&#8243; col_sm=&#8221;8&#8243; simplified_controls=&#8221;yes&#8221; custom_css_percentage=&#8221;no&#8221; padding_vertical=&#8221;400&#8243; padding_horizontal=&#8221;0&#8243; margin_vertical=&#8221;0&#8243; [&hellip;]<\/p>\n","protected":false},"author":1,"featured_media":0,"parent":0,"menu_order":0,"comment_status":"closed","ping_status":"closed","template":"","meta":{"footnotes":""},"class_list":["post-1685","page","type-page","status-publish","hentry"],"yoast_head":"<!-- This site is optimized with the Yoast SEO plugin v25.6 - https:\/\/yoast.com\/wordpress\/plugins\/seo\/ -->\n<title>Idegenvezet\u00e9s: Kassa- Szlov\u00e1kia - CKDelta<\/title>\n<meta name=\"description\" content=\"Idegenvezet\u00e9s: Kassa, G\u00f6m\u00f6r, Szepess\u00e9g, K\u00f6z\u00e9p - Szlov\u00e1kia, Magas T\u00e1tra, Kis-Lengyelorsz\u00e1g.Irod\u00e1nk 26 \u00e9ve fogadja Szlov\u00e1ki\u00e1ban a magyar turist\u00e1kat. \u00a0\" \/>\n<meta name=\"robots\" content=\"index, follow, max-snippet:-1, max-image-preview:large, max-video-preview:-1\" \/>\n<link rel=\"canonical\" href=\"https:\/\/www.ckdelta.sk\/hu\/idegenvezetes-kassa-szlovakia\/\" \/>\n<meta property=\"og:locale\" content=\"hu_HU\" \/>\n<meta property=\"og:type\" content=\"article\" \/>\n<meta property=\"og:title\" content=\"Idegenvezet\u00e9s: Kassa- Szlov\u00e1kia - CKDelta\" \/>\n<meta property=\"og:description\" content=\"Idegenvezet\u00e9s: Kassa, G\u00f6m\u00f6r, Szepess\u00e9g, K\u00f6z\u00e9p - Szlov\u00e1kia, Magas T\u00e1tra, Kis-Lengyelorsz\u00e1g.Irod\u00e1nk 26 \u00e9ve fogadja Szlov\u00e1ki\u00e1ban a magyar turist\u00e1kat. \u00a0\" \/>\n<meta property=\"og:url\" content=\"https:\/\/www.ckdelta.sk\/hu\/idegenvezetes-kassa-szlovakia\/\" \/>\n<meta property=\"og:site_name\" content=\"CK Delta - Cestovn\u00e1 kancel\u00e1ria Delta Travel Agency\" \/>\n<meta property=\"article:modified_time\" content=\"2020-12-08T18:01:57+00:00\" \/>\n<meta property=\"og:image\" content=\"https:\/\/www.ckdelta.sk\/wp-content\/uploads\/2017\/08\/IMG_3520222-191x300.jpg\" \/>\n<meta name=\"twitter:card\" content=\"summary_large_image\" \/>\n<meta name=\"twitter:label1\" content=\"Becs\u00fclt olvas\u00e1si id\u0151\" \/>\n\t<meta name=\"twitter:data1\" content=\"2 perc\" \/>\n<script type=\"application\/ld+json\" class=\"yoast-schema-graph\">{\"@context\":\"https:\/\/schema.org\",\"@graph\":[{\"@type\":\"WebPage\",\"@id\":\"https:\/\/www.ckdelta.sk\/hu\/idegenvezetes-kassa-szlovakia\/\",\"url\":\"https:\/\/www.ckdelta.sk\/hu\/idegenvezetes-kassa-szlovakia\/\",\"name\":\"Idegenvezet\u00e9s: Kassa- Szlov\u00e1kia - CKDelta\",\"isPartOf\":{\"@id\":\"https:\/\/www.ckdelta.sk\/#website\"},\"primaryImageOfPage\":{\"@id\":\"https:\/\/www.ckdelta.sk\/hu\/idegenvezetes-kassa-szlovakia\/#primaryimage\"},\"image\":{\"@id\":\"https:\/\/www.ckdelta.sk\/hu\/idegenvezetes-kassa-szlovakia\/#primaryimage\"},\"thumbnailUrl\":\"https:\/\/www.ckdelta.sk\/wp-content\/uploads\/2017\/08\/IMG_3520222-191x300.jpg\",\"datePublished\":\"2017-08-03T13:07:33+00:00\",\"dateModified\":\"2020-12-08T18:01:57+00:00\",\"description\":\"Idegenvezet\u00e9s: Kassa, G\u00f6m\u00f6r, Szepess\u00e9g, K\u00f6z\u00e9p - Szlov\u00e1kia, Magas T\u00e1tra, Kis-Lengyelorsz\u00e1g.Irod\u00e1nk 26 \u00e9ve fogadja Szlov\u00e1ki\u00e1ban a magyar turist\u00e1kat. \u00a0\",\"breadcrumb\":{\"@id\":\"https:\/\/www.ckdelta.sk\/hu\/idegenvezetes-kassa-szlovakia\/#breadcrumb\"},\"inLanguage\":\"hu\",\"potentialAction\":[{\"@type\":\"ReadAction\",\"target\":[\"https:\/\/www.ckdelta.sk\/hu\/idegenvezetes-kassa-szlovakia\/\"]}]},{\"@type\":\"ImageObject\",\"inLanguage\":\"hu\",\"@id\":\"https:\/\/www.ckdelta.sk\/hu\/idegenvezetes-kassa-szlovakia\/#primaryimage\",\"url\":\"https:\/\/www.ckdelta.sk\/wp-content\/uploads\/2017\/08\/IMG_3520222-191x300.jpg\",\"contentUrl\":\"https:\/\/www.ckdelta.sk\/wp-content\/uploads\/2017\/08\/IMG_3520222-191x300.jpg\"},{\"@type\":\"BreadcrumbList\",\"@id\":\"https:\/\/www.ckdelta.sk\/hu\/idegenvezetes-kassa-szlovakia\/#breadcrumb\",\"itemListElement\":[{\"@type\":\"ListItem\",\"position\":1,\"name\":\"Home\",\"item\":\"https:\/\/www.ckdelta.sk\/hu\/\"},{\"@type\":\"ListItem\",\"position\":2,\"name\":\"Idegenvezet\u00e9s: Kassa- Szlov\u00e1kia\"}]},{\"@type\":\"WebSite\",\"@id\":\"https:\/\/www.ckdelta.sk\/#website\",\"url\":\"https:\/\/www.ckdelta.sk\/\",\"name\":\"CK Delta - Cestovn\u00e1 kancel\u00e1ria Delta Travel Agency\",\"description\":\"Pln\u00edme Va\u0161e cestovate\u013esk\u00e9 sny\",\"publisher\":{\"@id\":\"https:\/\/www.ckdelta.sk\/#organization\"},\"potentialAction\":[{\"@type\":\"SearchAction\",\"target\":{\"@type\":\"EntryPoint\",\"urlTemplate\":\"https:\/\/www.ckdelta.sk\/?s={search_term_string}\"},\"query-input\":{\"@type\":\"PropertyValueSpecification\",\"valueRequired\":true,\"valueName\":\"search_term_string\"}}],\"inLanguage\":\"hu\"},{\"@type\":\"Organization\",\"@id\":\"https:\/\/www.ckdelta.sk\/#organization\",\"name\":\"CK Delta\",\"url\":\"https:\/\/www.ckdelta.sk\/\",\"logo\":{\"@type\":\"ImageObject\",\"inLanguage\":\"hu\",\"@id\":\"https:\/\/www.ckdelta.sk\/#\/schema\/logo\/image\/\",\"url\":\"https:\/\/www.ckdelta.sk\/wp-content\/uploads\/2017\/06\/LOGO.png\",\"contentUrl\":\"https:\/\/www.ckdelta.sk\/wp-content\/uploads\/2017\/06\/LOGO.png\",\"width\":303,\"height\":120,\"caption\":\"CK Delta\"},\"image\":{\"@id\":\"https:\/\/www.ckdelta.sk\/#\/schema\/logo\/image\/\"}}]}<\/script>\n<!-- \/ Yoast SEO plugin. -->","yoast_head_json":{"title":"Idegenvezet\u00e9s: Kassa- Szlov\u00e1kia - CKDelta","description":"Idegenvezet\u00e9s: Kassa, G\u00f6m\u00f6r, Szepess\u00e9g, K\u00f6z\u00e9p - Szlov\u00e1kia, Magas T\u00e1tra, Kis-Lengyelorsz\u00e1g.Irod\u00e1nk 26 \u00e9ve fogadja Szlov\u00e1ki\u00e1ban a magyar turist\u00e1kat. \u00a0","robots":{"index":"index","follow":"follow","max-snippet":"max-snippet:-1","max-image-preview":"max-image-preview:large","max-video-preview":"max-video-preview:-1"},"canonical":"https:\/\/www.ckdelta.sk\/hu\/idegenvezetes-kassa-szlovakia\/","og_locale":"hu_HU","og_type":"article","og_title":"Idegenvezet\u00e9s: Kassa- Szlov\u00e1kia - CKDelta","og_description":"Idegenvezet\u00e9s: Kassa, G\u00f6m\u00f6r, Szepess\u00e9g, K\u00f6z\u00e9p - Szlov\u00e1kia, Magas T\u00e1tra, Kis-Lengyelorsz\u00e1g.Irod\u00e1nk 26 \u00e9ve fogadja Szlov\u00e1ki\u00e1ban a magyar turist\u00e1kat. \u00a0","og_url":"https:\/\/www.ckdelta.sk\/hu\/idegenvezetes-kassa-szlovakia\/","og_site_name":"CK Delta - Cestovn\u00e1 kancel\u00e1ria Delta Travel Agency","article_modified_time":"2020-12-08T18:01:57+00:00","og_image":[{"url":"https:\/\/www.ckdelta.sk\/wp-content\/uploads\/2017\/08\/IMG_3520222-191x300.jpg","type":"","width":"","height":""}],"twitter_card":"summary_large_image","twitter_misc":{"Becs\u00fclt olvas\u00e1si id\u0151":"2 perc"},"schema":{"@context":"https:\/\/schema.org","@graph":[{"@type":"WebPage","@id":"https:\/\/www.ckdelta.sk\/hu\/idegenvezetes-kassa-szlovakia\/","url":"https:\/\/www.ckdelta.sk\/hu\/idegenvezetes-kassa-szlovakia\/","name":"Idegenvezet\u00e9s: Kassa- Szlov\u00e1kia - CKDelta","isPartOf":{"@id":"https:\/\/www.ckdelta.sk\/#website"},"primaryImageOfPage":{"@id":"https:\/\/www.ckdelta.sk\/hu\/idegenvezetes-kassa-szlovakia\/#primaryimage"},"image":{"@id":"https:\/\/www.ckdelta.sk\/hu\/idegenvezetes-kassa-szlovakia\/#primaryimage"},"thumbnailUrl":"https:\/\/www.ckdelta.sk\/wp-content\/uploads\/2017\/08\/IMG_3520222-191x300.jpg","datePublished":"2017-08-03T13:07:33+00:00","dateModified":"2020-12-08T18:01:57+00:00","description":"Idegenvezet\u00e9s: Kassa, G\u00f6m\u00f6r, Szepess\u00e9g, K\u00f6z\u00e9p - Szlov\u00e1kia, Magas T\u00e1tra, Kis-Lengyelorsz\u00e1g.Irod\u00e1nk 26 \u00e9ve fogadja Szlov\u00e1ki\u00e1ban a magyar turist\u00e1kat. \u00a0","breadcrumb":{"@id":"https:\/\/www.ckdelta.sk\/hu\/idegenvezetes-kassa-szlovakia\/#breadcrumb"},"inLanguage":"hu","potentialAction":[{"@type":"ReadAction","target":["https:\/\/www.ckdelta.sk\/hu\/idegenvezetes-kassa-szlovakia\/"]}]},{"@type":"ImageObject","inLanguage":"hu","@id":"https:\/\/www.ckdelta.sk\/hu\/idegenvezetes-kassa-szlovakia\/#primaryimage","url":"https:\/\/www.ckdelta.sk\/wp-content\/uploads\/2017\/08\/IMG_3520222-191x300.jpg","contentUrl":"https:\/\/www.ckdelta.sk\/wp-content\/uploads\/2017\/08\/IMG_3520222-191x300.jpg"},{"@type":"BreadcrumbList","@id":"https:\/\/www.ckdelta.sk\/hu\/idegenvezetes-kassa-szlovakia\/#breadcrumb","itemListElement":[{"@type":"ListItem","position":1,"name":"Home","item":"https:\/\/www.ckdelta.sk\/hu\/"},{"@type":"ListItem","position":2,"name":"Idegenvezet\u00e9s: Kassa- Szlov\u00e1kia"}]},{"@type":"WebSite","@id":"https:\/\/www.ckdelta.sk\/#website","url":"https:\/\/www.ckdelta.sk\/","name":"CK Delta - Cestovn\u00e1 kancel\u00e1ria Delta Travel Agency","description":"Pln\u00edme Va\u0161e cestovate\u013esk\u00e9 sny","publisher":{"@id":"https:\/\/www.ckdelta.sk\/#organization"},"potentialAction":[{"@type":"SearchAction","target":{"@type":"EntryPoint","urlTemplate":"https:\/\/www.ckdelta.sk\/?s={search_term_string}"},"query-input":{"@type":"PropertyValueSpecification","valueRequired":true,"valueName":"search_term_string"}}],"inLanguage":"hu"},{"@type":"Organization","@id":"https:\/\/www.ckdelta.sk\/#organization","name":"CK Delta","url":"https:\/\/www.ckdelta.sk\/","logo":{"@type":"ImageObject","inLanguage":"hu","@id":"https:\/\/www.ckdelta.sk\/#\/schema\/logo\/image\/","url":"https:\/\/www.ckdelta.sk\/wp-content\/uploads\/2017\/06\/LOGO.png","contentUrl":"https:\/\/www.ckdelta.sk\/wp-content\/uploads\/2017\/06\/LOGO.png","width":303,"height":120,"caption":"CK Delta"},"image":{"@id":"https:\/\/www.ckdelta.sk\/#\/schema\/logo\/image\/"}}]}},"_links":{"self":[{"href":"https:\/\/www.ckdelta.sk\/hu\/wp-json\/wp\/v2\/pages\/1685","targetHints":{"allow":["GET"]}}],"collection":[{"href":"https:\/\/www.ckdelta.sk\/hu\/wp-json\/wp\/v2\/pages"}],"about":[{"href":"https:\/\/www.ckdelta.sk\/hu\/wp-json\/wp\/v2\/types\/page"}],"author":[{"embeddable":true,"href":"https:\/\/www.ckdelta.sk\/hu\/wp-json\/wp\/v2\/users\/1"}],"replies":[{"embeddable":true,"href":"https:\/\/www.ckdelta.sk\/hu\/wp-json\/wp\/v2\/comments?post=1685"}],"version-history":[{"count":10,"href":"https:\/\/www.ckdelta.sk\/hu\/wp-json\/wp\/v2\/pages\/1685\/revisions"}],"predecessor-version":[{"id":2970,"href":"https:\/\/www.ckdelta.sk\/hu\/wp-json\/wp\/v2\/pages\/1685\/revisions\/2970"}],"wp:attachment":[{"href":"https:\/\/www.ckdelta.sk\/hu\/wp-json\/wp\/v2\/media?parent=1685"}],"curies":[{"name":"wp","href":"https:\/\/api.w.org\/{rel}","templated":true}]}}